{"id":4303,"date":"2023-11-14T09:18:45","date_gmt":"2023-11-14T14:18:45","guid":{"rendered":"https:\/\/www.sobezone.com\/responsable-renseignements-personnels\/"},"modified":"2023-11-14T09:37:06","modified_gmt":"2023-11-14T14:37:06","slug":"responsible-personal-information","status":"publish","type":"page","link":"https:\/\/www.sobezone.com\/en\/responsible-personal-information\/","title":{"rendered":"The person responsible for access to documents or the protection of personal information"},"content":{"rendered":"<p>[et_pb_section fb_built=&#8221;1&#8243; fullwidth=&#8221;on&#8221; _builder_version=&#8221;4.16&#8243; background_color=&#8221;#f2f2f2&#8243; border_color_all=&#8221;#33333&#8243; saved_tabs=&#8221;all&#8221; collapsed=&#8221;off&#8221; global_colors_info=&#8221;{}&#8221;][et_pb_fullwidth_post_title meta=&#8221;off&#8221; featured_image=&#8221;off&#8221; admin_label=&#8221;Page Title Header &#8211; Gray BG&#8221; _builder_version=&#8221;4.16&#8243; title_font=&#8221;||||||||&#8221; title_text_align=&#8221;center&#8221; meta_font=&#8221;||||||||&#8221; text_orientation=&#8221;center&#8221; custom_margin=&#8221;||&#8221; custom_padding=&#8221;5rem||5rem||true|&#8221; global_colors_info=&#8221;{}&#8221;][\/et_pb_fullwidth_post_title][\/et_pb_section][et_pb_section fb_built=&#8221;1&#8243; _builder_version=&#8221;4.16&#8243; custom_margin=&#8221;||82px|||&#8221; custom_padding=&#8221;||0px|||&#8221; global_colors_info=&#8221;{}&#8221;][et_pb_row _builder_version=&#8221;4.16&#8243; _module_preset=&#8221;default&#8221; custom_padding=&#8221;4px|||||&#8221; global_colors_info=&#8221;{}&#8221;][et_pb_column type=&#8221;4_4&#8243; _builder_version=&#8221;4.16&#8243; _module_preset=&#8221;default&#8221; global_colors_info=&#8221;{}&#8221;][et_pb_text admin_label=&#8221;Header &#8211; BIENVENUE DANS&#8221; _builder_version=&#8221;4.23.1&#8243; header_font=&#8221;||||||||&#8221; min_height=&#8221;144.6px&#8221; custom_margin=&#8221;||-39px|||&#8221; custom_padding=&#8221;35px||35px||true|&#8221; animation_style=&#8221;fade&#8221; animation_delay=&#8221;150ms&#8221; animation_starting_opacity=&#8221;10%&#8221; hover_enabled=&#8221;0&#8243; global_colors_info=&#8221;{}&#8221; sticky_enabled=&#8221;0&#8243;]<\/p>\n<p>The person responsible for the application of the Act respecting the protection of personal information in the private sector is also responsible for ensuring compliance with this policy. If you have any comments or complaints about non-compliance with this policy, please contact :<\/p>\n<p>Anthony Tebchrany<br \/>Vice-President Operations, SOBEZONE<br \/><a href=\"mailto:info@sobezone.com\" target=\"_blank\" rel=\"noopener\">info@sobezone.com<\/a><br \/>440 rue Chicoine, Vaudreuil-Dorion, Qu\u00e9bec, J7V 7E4<br \/>514-332-5373<\/p>\n<p>[\/et_pb_text][\/et_pb_column][\/et_pb_row][\/et_pb_section]<\/p>\n","protected":false},"excerpt":{"rendered":"<p>The person responsible for the application of the Act respecting the protection of personal information in the private sector is also responsible for ensuring compliance<a class=\"read-more\" href=\"https:\/\/www.sobezone.com\/en\/responsible-personal-information\/\">&#8230; (Read more)<\/a><\/p>\n","protected":false},"author":5,"featured_media":0,"parent":0,"menu_order":0,"comment_status":"closed","ping_status":"closed","template":"","meta":{"_et_pb_use_builder":"on","_et_pb_old_content":"","_et_gb_content_width":"","footnotes":""},"yoast_head":"<!-- This site is optimized with the Yoast SEO plugin v22.1 - https:\/\/yoast.com\/wordpress\/plugins\/seo\/ -->\n<title>The person responsible for access to documents or the protection of personal information - SOBEZONE<\/title>\n<meta name=\"description\" content=\"En tant qu&#039;entreprise citoyenne responsable, SOBEZONE s&#039;engage \u00e0 prot\u00e9ger la sant\u00e9 humaine, les ressources naturelles et l&#039;environnement.\" \/>\n<meta name=\"robots\" content=\"index, follow, max-snippet:-1, max-image-preview:large, max-video-preview:-1\" \/>\n<link rel=\"canonical\" href=\"https:\/\/www.sobezone.com\/en\/responsible-personal-information\/\" \/>\n<meta property=\"og:locale\" content=\"en_US\" \/>\n<meta property=\"og:type\" content=\"article\" \/>\n<meta property=\"og:title\" content=\"The person responsible for access to documents or the protection of personal information - SOBEZONE\" \/>\n<meta property=\"og:description\" content=\"En tant qu&#039;entreprise citoyenne responsable, SOBEZONE s&#039;engage \u00e0 prot\u00e9ger la sant\u00e9 humaine, les ressources naturelles et l&#039;environnement.\" \/>\n<meta property=\"og:url\" content=\"https:\/\/www.sobezone.com\/en\/responsible-personal-information\/\" \/>\n<meta property=\"og:site_name\" content=\"SOBEZONE\" \/>\n<meta property=\"article:publisher\" content=\"https:\/\/www.facebook.com\/sobezone\/\" \/>\n<meta property=\"article:modified_time\" content=\"2023-11-14T14:37:06+00:00\" \/>\n<meta name=\"twitter:card\" content=\"summary_large_image\" \/>\n<meta name=\"twitter:label1\" content=\"Est. reading time\" \/>\n\t<meta name=\"twitter:data1\" content=\"1 minute\" \/>\n<script type=\"application\/ld+json\" class=\"yoast-schema-graph\">{\"@context\":\"https:\/\/schema.org\",\"@graph\":[{\"@type\":\"WebPage\",\"@id\":\"https:\/\/www.sobezone.com\/en\/responsible-personal-information\/\",\"url\":\"https:\/\/www.sobezone.com\/en\/responsible-personal-information\/\",\"name\":\"The person responsible for access to documents or the protection of personal information - SOBEZONE\",\"isPartOf\":{\"@id\":\"https:\/\/www.sobezone.com\/en\/#website\"},\"datePublished\":\"2023-11-14T14:18:45+00:00\",\"dateModified\":\"2023-11-14T14:37:06+00:00\",\"description\":\"En tant qu'entreprise citoyenne responsable, SOBEZONE s'engage \u00e0 prot\u00e9ger la sant\u00e9 humaine, les ressources naturelles et l'environnement.\",\"breadcrumb\":{\"@id\":\"https:\/\/www.sobezone.com\/en\/responsible-personal-information\/#breadcrumb\"},\"inLanguage\":\"en-US\",\"potentialAction\":[{\"@type\":\"ReadAction\",\"target\":[\"https:\/\/www.sobezone.com\/en\/responsible-personal-information\/\"]}]},{\"@type\":\"BreadcrumbList\",\"@id\":\"https:\/\/www.sobezone.com\/en\/responsible-personal-information\/#breadcrumb\",\"itemListElement\":[{\"@type\":\"ListItem\",\"position\":1,\"name\":\"Accueil\",\"item\":\"https:\/\/www.sobezone.com\/en\/\"},{\"@type\":\"ListItem\",\"position\":2,\"name\":\"The person responsible for access to documents or the protection of personal information\"}]},{\"@type\":\"WebSite\",\"@id\":\"https:\/\/www.sobezone.com\/en\/#website\",\"url\":\"https:\/\/www.sobezone.com\/en\/\",\"name\":\"SOBEZONE\",\"description\":\"Ici, les objets cr\u00e9ent des souvenirs\",\"publisher\":{\"@id\":\"https:\/\/www.sobezone.com\/en\/#organization\"},\"potentialAction\":[{\"@type\":\"SearchAction\",\"target\":{\"@type\":\"EntryPoint\",\"urlTemplate\":\"https:\/\/www.sobezone.com\/en\/?s={search_term_string}\"},\"query-input\":\"required name=search_term_string\"}],\"inLanguage\":\"en-US\"},{\"@type\":\"Organization\",\"@id\":\"https:\/\/www.sobezone.com\/en\/#organization\",\"name\":\"SOBEZONE\",\"url\":\"https:\/\/www.sobezone.com\/en\/\",\"logo\":{\"@type\":\"ImageObject\",\"inLanguage\":\"en-US\",\"@id\":\"https:\/\/www.sobezone.com\/en\/#\/schema\/logo\/image\/\",\"url\":\"https:\/\/www.sobezone.com\/wp-content\/uploads\/2019\/04\/logo-sobezone-dark.png\",\"contentUrl\":\"https:\/\/www.sobezone.com\/wp-content\/uploads\/2019\/04\/logo-sobezone-dark.png\",\"width\":198,\"height\":26,\"caption\":\"SOBEZONE\"},\"image\":{\"@id\":\"https:\/\/www.sobezone.com\/en\/#\/schema\/logo\/image\/\"},\"sameAs\":[\"https:\/\/www.facebook.com\/sobezone\/\",\"https:\/\/www.instagram.com\/sobezone\/\",\"https:\/\/www.linkedin.com\/company\/sobezone\/\",\"https:\/\/www.youtube.com\/channel\/UCncwoBEkVy2kssSvHXsgxvw\"]}]}<\/script>\n<!-- \/ Yoast SEO plugin. -->","yoast_head_json":{"title":"The person responsible for access to documents or the protection of personal information - SOBEZONE","description":"En tant qu'entreprise citoyenne responsable, SOBEZONE s'engage \u00e0 prot\u00e9ger la sant\u00e9 humaine, les ressources naturelles et l'environnement.","robots":{"index":"index","follow":"follow","max-snippet":"max-snippet:-1","max-image-preview":"max-image-preview:large","max-video-preview":"max-video-preview:-1"},"canonical":"https:\/\/www.sobezone.com\/en\/responsible-personal-information\/","og_locale":"en_US","og_type":"article","og_title":"The person responsible for access to documents or the protection of personal information - SOBEZONE","og_description":"En tant qu'entreprise citoyenne responsable, SOBEZONE s'engage \u00e0 prot\u00e9ger la sant\u00e9 humaine, les ressources naturelles et l'environnement.","og_url":"https:\/\/www.sobezone.com\/en\/responsible-personal-information\/","og_site_name":"SOBEZONE","article_publisher":"https:\/\/www.facebook.com\/sobezone\/","article_modified_time":"2023-11-14T14:37:06+00:00","twitter_card":"summary_large_image","twitter_misc":{"Est. reading time":"1 minute"},"schema":{"@context":"https:\/\/schema.org","@graph":[{"@type":"WebPage","@id":"https:\/\/www.sobezone.com\/en\/responsible-personal-information\/","url":"https:\/\/www.sobezone.com\/en\/responsible-personal-information\/","name":"The person responsible for access to documents or the protection of personal information - SOBEZONE","isPartOf":{"@id":"https:\/\/www.sobezone.com\/en\/#website"},"datePublished":"2023-11-14T14:18:45+00:00","dateModified":"2023-11-14T14:37:06+00:00","description":"En tant qu'entreprise citoyenne responsable, SOBEZONE s'engage \u00e0 prot\u00e9ger la sant\u00e9 humaine, les ressources naturelles et l'environnement.","breadcrumb":{"@id":"https:\/\/www.sobezone.com\/en\/responsible-personal-information\/#breadcrumb"},"inLanguage":"en-US","potentialAction":[{"@type":"ReadAction","target":["https:\/\/www.sobezone.com\/en\/responsible-personal-information\/"]}]},{"@type":"BreadcrumbList","@id":"https:\/\/www.sobezone.com\/en\/responsible-personal-information\/#breadcrumb","itemListElement":[{"@type":"ListItem","position":1,"name":"Accueil","item":"https:\/\/www.sobezone.com\/en\/"},{"@type":"ListItem","position":2,"name":"The person responsible for access to documents or the protection of personal information"}]},{"@type":"WebSite","@id":"https:\/\/www.sobezone.com\/en\/#website","url":"https:\/\/www.sobezone.com\/en\/","name":"SOBEZONE","description":"Ici, les objets cr\u00e9ent des souvenirs","publisher":{"@id":"https:\/\/www.sobezone.com\/en\/#organization"},"potentialAction":[{"@type":"SearchAction","target":{"@type":"EntryPoint","urlTemplate":"https:\/\/www.sobezone.com\/en\/?s={search_term_string}"},"query-input":"required name=search_term_string"}],"inLanguage":"en-US"},{"@type":"Organization","@id":"https:\/\/www.sobezone.com\/en\/#organization","name":"SOBEZONE","url":"https:\/\/www.sobezone.com\/en\/","logo":{"@type":"ImageObject","inLanguage":"en-US","@id":"https:\/\/www.sobezone.com\/en\/#\/schema\/logo\/image\/","url":"https:\/\/www.sobezone.com\/wp-content\/uploads\/2019\/04\/logo-sobezone-dark.png","contentUrl":"https:\/\/www.sobezone.com\/wp-content\/uploads\/2019\/04\/logo-sobezone-dark.png","width":198,"height":26,"caption":"SOBEZONE"},"image":{"@id":"https:\/\/www.sobezone.com\/en\/#\/schema\/logo\/image\/"},"sameAs":["https:\/\/www.facebook.com\/sobezone\/","https:\/\/www.instagram.com\/sobezone\/","https:\/\/www.linkedin.com\/company\/sobezone\/","https:\/\/www.youtube.com\/channel\/UCncwoBEkVy2kssSvHXsgxvw"]}]}},"_links":{"self":[{"href":"https:\/\/www.sobezone.com\/en\/wp-json\/wp\/v2\/pages\/4303"}],"collection":[{"href":"https:\/\/www.sobezone.com\/en\/wp-json\/wp\/v2\/pages"}],"about":[{"href":"https:\/\/www.sobezone.com\/en\/wp-json\/wp\/v2\/types\/page"}],"author":[{"embeddable":true,"href":"https:\/\/www.sobezone.com\/en\/wp-json\/wp\/v2\/users\/5"}],"replies":[{"embeddable":true,"href":"https:\/\/www.sobezone.com\/en\/wp-json\/wp\/v2\/comments?post=4303"}],"version-history":[{"count":3,"href":"https:\/\/www.sobezone.com\/en\/wp-json\/wp\/v2\/pages\/4303\/revisions"}],"predecessor-version":[{"id":4307,"href":"https:\/\/www.sobezone.com\/en\/wp-json\/wp\/v2\/pages\/4303\/revisions\/4307"}],"wp:attachment":[{"href":"https:\/\/www.sobezone.com\/en\/wp-json\/wp\/v2\/media?parent=4303"}],"curies":[{"name":"wp","href":"https:\/\/api.w.org\/{rel}","templated":true}]}}