{"id":4292,"date":"2023-11-14T09:05:31","date_gmt":"2023-11-14T14:05:31","guid":{"rendered":"https:\/\/www.sobezone.com\/politique-de-protection-des-renseignements-personnels\/"},"modified":"2023-11-14T09:17:02","modified_gmt":"2023-11-14T14:17:02","slug":"privacy-policy","status":"publish","type":"page","link":"https:\/\/www.sobezone.com\/en\/privacy-policy\/","title":{"rendered":"Privacy policy"},"content":{"rendered":"<p>[et_pb_section fb_built=&#8221;1&#8243; fullwidth=&#8221;on&#8221; _builder_version=&#8221;4.16&#8243; background_color=&#8221;#f2f2f2&#8243; border_color_all=&#8221;#33333&#8243; saved_tabs=&#8221;all&#8221; collapsed=&#8221;off&#8221; global_colors_info=&#8221;{}&#8221;][et_pb_fullwidth_post_title meta=&#8221;off&#8221; featured_image=&#8221;off&#8221; admin_label=&#8221;Page Title Header &#8211; Gray BG&#8221; _builder_version=&#8221;4.16&#8243; title_font=&#8221;||||||||&#8221; title_text_align=&#8221;center&#8221; meta_font=&#8221;||||||||&#8221; text_orientation=&#8221;center&#8221; custom_margin=&#8221;||&#8221; custom_padding=&#8221;5rem||5rem||true|&#8221; global_colors_info=&#8221;{}&#8221;][\/et_pb_fullwidth_post_title][\/et_pb_section][et_pb_section fb_built=&#8221;1&#8243; _builder_version=&#8221;4.16&#8243; custom_margin=&#8221;||82px|||&#8221; custom_padding=&#8221;||0px|||&#8221; global_colors_info=&#8221;{}&#8221;][et_pb_row _builder_version=&#8221;4.16&#8243; _module_preset=&#8221;default&#8221; custom_padding=&#8221;4px|||||&#8221; global_colors_info=&#8221;{}&#8221;][et_pb_column type=&#8221;4_4&#8243; _builder_version=&#8221;4.16&#8243; _module_preset=&#8221;default&#8221; global_colors_info=&#8221;{}&#8221;][et_pb_text admin_label=&#8221;Header &#8211; BIENVENUE DANS&#8221; _builder_version=&#8221;4.23.1&#8243; header_font=&#8221;||||||||&#8221; min_height=&#8221;144.6px&#8221; custom_margin=&#8221;||-39px|||&#8221; custom_padding=&#8221;35px||35px||true|&#8221; animation_style=&#8221;fade&#8221; animation_delay=&#8221;150ms&#8221; animation_starting_opacity=&#8221;10%&#8221; hover_enabled=&#8221;0&#8243; global_colors_info=&#8221;{}&#8221; sticky_enabled=&#8221;0&#8243;]<\/p>\n<h4>What is personal information?<\/h4>\n<p>Personal information, often referred to as personally identifiable information (PII), is any information that can be used to identify, locate, or contact an individual.<\/p>\n<h3>1. Introduction<\/h3>\n<p>The protection of personal information is essential to SOBEZONE. We are committed to protecting the confidentiality and security of the personal information we collect, whether it concerns our clients or our staff. This information is managed with discretion, rigor and in compliance with legal, regulatory, and contractual requirements.<\/p>\n<h3>2. Duty of Care and Discretion<\/h3>\n<p>SOBEZONE pays particular attention to safeguarding the personal data it holds. Each staff member are required to respect not only the fundamental principles of privacy protection. Aware of the importance of professional secrecy, our company reinforces this obligation by signing confidentiality undertakings and providing training.<\/p>\n<h3>3. Obligation to Protect<\/h3>\n<p>SOBEZONE assumes full responsibility for the safeguarding of personal data in its possession. Each member of our team is committed to adhering to the standards established for the preservation of this information. In addition to adhering to the provisions of the Civil Code of Qu\u00e9bec concerning loyalty and confidentiality, we emphasize the ongoing training of our staff. This translates into the signing of a confidentiality agreement and regular training sessions on the subject.<\/p>\n<h3>4. Customer and Employee Data Management<\/h3>\n<p>SOBEZONE collects personal information during its activities, whether for order delivery, client communications, or recruitment and team management procedures. Our priority is to collect only the data strictly necessary for the performance of our assignments. All information, regardless of format or storage method, is rigorously protected to ensure its confidentiality and protection.<\/p>\n<h3>5. Retention and Disclosure of Personal Information<\/h3>\n<p>SOBEZONE implements rigorous security protocols to guarantee the confidentiality of personal information. Access to this data is strictly reserved for duly authorized employees. This information is processed exclusively within the framework of the mandates for which it was provided. SOBEZONE undertakes never to share this data with outside entities without the customer\u2019s explicit consent unless we are obliged to do so by law.<\/p>\n<h3>6. Consultation and Modification<\/h3>\n<p>Everyone has the right to consult the personal data that SOBEZONE holds about them. They also have the right to request that this information be updated, destroyed or corrected. To do so, all requests must be addressed to our company\u2019s Privacy Officer. This request may be accompanied by a processing fee.<\/p>\n<h3>7. Complaints and Questions<\/h3>\n<p>Anyone with concerns about the protection of their personal information may contact the Privacy Officer.<\/p>\n<h3>8. Modifications<\/h3>\n<p>SOBEZONE reserves the right to modify this policy at any time. Please note that the latest version of our policy is always posted on this page.<br \/>\nPrivacy Officer<br \/>\nAnthony Tebchrany<br \/>\nVice-President Operation, SOBEZONE<br \/>\n<a href=\"mailto:info@sobezone.com\" target=\"_blank\" rel=\"noopener\">info@sobezone.com<\/a><br \/>\n440 rue Chicoine, Vaudreuil-Dorion, Qu\u00e9bec, J7V 7E4<br \/>\n514-332-5373[\/et_pb_text][\/et_pb_column][\/et_pb_row][\/et_pb_section]<\/p>\n","protected":false},"excerpt":{"rendered":"<p>What is personal information? Personal information, often referred to as personally identifiable information (PII), is any information that can be used to identify, locate, or<a class=\"read-more\" href=\"https:\/\/www.sobezone.com\/en\/privacy-policy\/\">&#8230; (Read more)<\/a><\/p>\n","protected":false},"author":5,"featured_media":0,"parent":0,"menu_order":0,"comment_status":"closed","ping_status":"closed","template":"","meta":{"_et_pb_use_builder":"on","_et_pb_old_content":"","_et_gb_content_width":"","footnotes":""},"yoast_head":"<!-- This site is optimized with the Yoast SEO plugin v22.1 - https:\/\/yoast.com\/wordpress\/plugins\/seo\/ -->\n<title>Privacy policy - SOBEZONE<\/title>\n<meta name=\"description\" content=\"En tant qu&#039;entreprise citoyenne responsable, SOBEZONE s&#039;engage \u00e0 prot\u00e9ger la sant\u00e9 humaine, les ressources naturelles et l&#039;environnement.\" \/>\n<meta name=\"robots\" content=\"index, follow, max-snippet:-1, max-image-preview:large, max-video-preview:-1\" \/>\n<link rel=\"canonical\" href=\"https:\/\/www.sobezone.com\/en\/privacy-policy\/\" \/>\n<meta property=\"og:locale\" content=\"en_US\" \/>\n<meta property=\"og:type\" content=\"article\" \/>\n<meta property=\"og:title\" content=\"Privacy policy - SOBEZONE\" \/>\n<meta property=\"og:description\" content=\"En tant qu&#039;entreprise citoyenne responsable, SOBEZONE s&#039;engage \u00e0 prot\u00e9ger la sant\u00e9 humaine, les ressources naturelles et l&#039;environnement.\" \/>\n<meta property=\"og:url\" content=\"https:\/\/www.sobezone.com\/en\/privacy-policy\/\" \/>\n<meta property=\"og:site_name\" content=\"SOBEZONE\" \/>\n<meta property=\"article:publisher\" content=\"https:\/\/www.facebook.com\/sobezone\/\" \/>\n<meta property=\"article:modified_time\" content=\"2023-11-14T14:17:02+00:00\" \/>\n<meta name=\"twitter:card\" content=\"summary_large_image\" \/>\n<meta name=\"twitter:label1\" content=\"Est. reading time\" \/>\n\t<meta name=\"twitter:data1\" content=\"3 minutes\" \/>\n<script type=\"application\/ld+json\" class=\"yoast-schema-graph\">{\"@context\":\"https:\/\/schema.org\",\"@graph\":[{\"@type\":\"WebPage\",\"@id\":\"https:\/\/www.sobezone.com\/en\/privacy-policy\/\",\"url\":\"https:\/\/www.sobezone.com\/en\/privacy-policy\/\",\"name\":\"Privacy policy - SOBEZONE\",\"isPartOf\":{\"@id\":\"https:\/\/www.sobezone.com\/en\/#website\"},\"datePublished\":\"2023-11-14T14:05:31+00:00\",\"dateModified\":\"2023-11-14T14:17:02+00:00\",\"description\":\"En tant qu'entreprise citoyenne responsable, SOBEZONE s'engage \u00e0 prot\u00e9ger la sant\u00e9 humaine, les ressources naturelles et l'environnement.\",\"breadcrumb\":{\"@id\":\"https:\/\/www.sobezone.com\/en\/privacy-policy\/#breadcrumb\"},\"inLanguage\":\"en-US\",\"potentialAction\":[{\"@type\":\"ReadAction\",\"target\":[\"https:\/\/www.sobezone.com\/en\/privacy-policy\/\"]}]},{\"@type\":\"BreadcrumbList\",\"@id\":\"https:\/\/www.sobezone.com\/en\/privacy-policy\/#breadcrumb\",\"itemListElement\":[{\"@type\":\"ListItem\",\"position\":1,\"name\":\"Accueil\",\"item\":\"https:\/\/www.sobezone.com\/en\/\"},{\"@type\":\"ListItem\",\"position\":2,\"name\":\"Privacy policy\"}]},{\"@type\":\"WebSite\",\"@id\":\"https:\/\/www.sobezone.com\/en\/#website\",\"url\":\"https:\/\/www.sobezone.com\/en\/\",\"name\":\"SOBEZONE\",\"description\":\"Ici, les objets cr\u00e9ent des souvenirs\",\"publisher\":{\"@id\":\"https:\/\/www.sobezone.com\/en\/#organization\"},\"potentialAction\":[{\"@type\":\"SearchAction\",\"target\":{\"@type\":\"EntryPoint\",\"urlTemplate\":\"https:\/\/www.sobezone.com\/en\/?s={search_term_string}\"},\"query-input\":\"required name=search_term_string\"}],\"inLanguage\":\"en-US\"},{\"@type\":\"Organization\",\"@id\":\"https:\/\/www.sobezone.com\/en\/#organization\",\"name\":\"SOBEZONE\",\"url\":\"https:\/\/www.sobezone.com\/en\/\",\"logo\":{\"@type\":\"ImageObject\",\"inLanguage\":\"en-US\",\"@id\":\"https:\/\/www.sobezone.com\/en\/#\/schema\/logo\/image\/\",\"url\":\"https:\/\/www.sobezone.com\/wp-content\/uploads\/2019\/04\/logo-sobezone-dark.png\",\"contentUrl\":\"https:\/\/www.sobezone.com\/wp-content\/uploads\/2019\/04\/logo-sobezone-dark.png\",\"width\":198,\"height\":26,\"caption\":\"SOBEZONE\"},\"image\":{\"@id\":\"https:\/\/www.sobezone.com\/en\/#\/schema\/logo\/image\/\"},\"sameAs\":[\"https:\/\/www.facebook.com\/sobezone\/\",\"https:\/\/www.instagram.com\/sobezone\/\",\"https:\/\/www.linkedin.com\/company\/sobezone\/\",\"https:\/\/www.youtube.com\/channel\/UCncwoBEkVy2kssSvHXsgxvw\"]}]}<\/script>\n<!-- \/ Yoast SEO plugin. -->","yoast_head_json":{"title":"Privacy policy - SOBEZONE","description":"En tant qu'entreprise citoyenne responsable, SOBEZONE s'engage \u00e0 prot\u00e9ger la sant\u00e9 humaine, les ressources naturelles et l'environnement.","robots":{"index":"index","follow":"follow","max-snippet":"max-snippet:-1","max-image-preview":"max-image-preview:large","max-video-preview":"max-video-preview:-1"},"canonical":"https:\/\/www.sobezone.com\/en\/privacy-policy\/","og_locale":"en_US","og_type":"article","og_title":"Privacy policy - SOBEZONE","og_description":"En tant qu'entreprise citoyenne responsable, SOBEZONE s'engage \u00e0 prot\u00e9ger la sant\u00e9 humaine, les ressources naturelles et l'environnement.","og_url":"https:\/\/www.sobezone.com\/en\/privacy-policy\/","og_site_name":"SOBEZONE","article_publisher":"https:\/\/www.facebook.com\/sobezone\/","article_modified_time":"2023-11-14T14:17:02+00:00","twitter_card":"summary_large_image","twitter_misc":{"Est. reading time":"3 minutes"},"schema":{"@context":"https:\/\/schema.org","@graph":[{"@type":"WebPage","@id":"https:\/\/www.sobezone.com\/en\/privacy-policy\/","url":"https:\/\/www.sobezone.com\/en\/privacy-policy\/","name":"Privacy policy - SOBEZONE","isPartOf":{"@id":"https:\/\/www.sobezone.com\/en\/#website"},"datePublished":"2023-11-14T14:05:31+00:00","dateModified":"2023-11-14T14:17:02+00:00","description":"En tant qu'entreprise citoyenne responsable, SOBEZONE s'engage \u00e0 prot\u00e9ger la sant\u00e9 humaine, les ressources naturelles et l'environnement.","breadcrumb":{"@id":"https:\/\/www.sobezone.com\/en\/privacy-policy\/#breadcrumb"},"inLanguage":"en-US","potentialAction":[{"@type":"ReadAction","target":["https:\/\/www.sobezone.com\/en\/privacy-policy\/"]}]},{"@type":"BreadcrumbList","@id":"https:\/\/www.sobezone.com\/en\/privacy-policy\/#breadcrumb","itemListElement":[{"@type":"ListItem","position":1,"name":"Accueil","item":"https:\/\/www.sobezone.com\/en\/"},{"@type":"ListItem","position":2,"name":"Privacy policy"}]},{"@type":"WebSite","@id":"https:\/\/www.sobezone.com\/en\/#website","url":"https:\/\/www.sobezone.com\/en\/","name":"SOBEZONE","description":"Ici, les objets cr\u00e9ent des souvenirs","publisher":{"@id":"https:\/\/www.sobezone.com\/en\/#organization"},"potentialAction":[{"@type":"SearchAction","target":{"@type":"EntryPoint","urlTemplate":"https:\/\/www.sobezone.com\/en\/?s={search_term_string}"},"query-input":"required name=search_term_string"}],"inLanguage":"en-US"},{"@type":"Organization","@id":"https:\/\/www.sobezone.com\/en\/#organization","name":"SOBEZONE","url":"https:\/\/www.sobezone.com\/en\/","logo":{"@type":"ImageObject","inLanguage":"en-US","@id":"https:\/\/www.sobezone.com\/en\/#\/schema\/logo\/image\/","url":"https:\/\/www.sobezone.com\/wp-content\/uploads\/2019\/04\/logo-sobezone-dark.png","contentUrl":"https:\/\/www.sobezone.com\/wp-content\/uploads\/2019\/04\/logo-sobezone-dark.png","width":198,"height":26,"caption":"SOBEZONE"},"image":{"@id":"https:\/\/www.sobezone.com\/en\/#\/schema\/logo\/image\/"},"sameAs":["https:\/\/www.facebook.com\/sobezone\/","https:\/\/www.instagram.com\/sobezone\/","https:\/\/www.linkedin.com\/company\/sobezone\/","https:\/\/www.youtube.com\/channel\/UCncwoBEkVy2kssSvHXsgxvw"]}]}},"_links":{"self":[{"href":"https:\/\/www.sobezone.com\/en\/wp-json\/wp\/v2\/pages\/4292"}],"collection":[{"href":"https:\/\/www.sobezone.com\/en\/wp-json\/wp\/v2\/pages"}],"about":[{"href":"https:\/\/www.sobezone.com\/en\/wp-json\/wp\/v2\/types\/page"}],"author":[{"embeddable":true,"href":"https:\/\/www.sobezone.com\/en\/wp-json\/wp\/v2\/users\/5"}],"replies":[{"embeddable":true,"href":"https:\/\/www.sobezone.com\/en\/wp-json\/wp\/v2\/comments?post=4292"}],"version-history":[{"count":3,"href":"https:\/\/www.sobezone.com\/en\/wp-json\/wp\/v2\/pages\/4292\/revisions"}],"predecessor-version":[{"id":4296,"href":"https:\/\/www.sobezone.com\/en\/wp-json\/wp\/v2\/pages\/4292\/revisions\/4296"}],"wp:attachment":[{"href":"https:\/\/www.sobezone.com\/en\/wp-json\/wp\/v2\/media?parent=4292"}],"curies":[{"name":"wp","href":"https:\/\/api.w.org\/{rel}","templated":true}]}}